{"id":809,"date":"2020-07-09T08:22:21","date_gmt":"2020-07-09T08:22:21","guid":{"rendered":"https:\/\/www.pltc.pt\/web\/?page_id=809"},"modified":"2024-02-14T15:03:22","modified_gmt":"2024-02-14T15:03:22","slug":"politica-de-privacidade","status":"publish","type":"page","link":"https:\/\/www.pltc.pt\/web\/politica-de-privacidade\/","title":{"rendered":"Pol\u00edtica de Privacidade"},"content":{"rendered":"\t\t<div data-elementor-type=\"wp-page\" data-elementor-id=\"809\" class=\"elementor elementor-809\" data-elementor-post-type=\"page\">\n\t\t\t\t\t\t<section class=\"elementor-section elementor-top-section elementor-element elementor-element-84e34ad elementor-section-height-min-height elementor-section-boxed elementor-section-height-default elementor-section-items-middle\" data-id=\"84e34ad\" data-element_type=\"section\" data-e-type=\"section\">\n\t\t\t\t\t\t<div class=\"elementor-container elementor-column-gap-default\">\n\t\t\t\t\t<div class=\"elementor-column elementor-col-100 elementor-top-column elementor-element elementor-element-46f32f6\" data-id=\"46f32f6\" data-element_type=\"column\" data-e-type=\"column\">\n\t\t\t<div class=\"elementor-widget-wrap elementor-element-populated\">\n\t\t\t\t\t\t<div class=\"elementor-element elementor-element-31dda9e elementor-widget elementor-widget-heading\" data-id=\"31dda9e\" data-element_type=\"widget\" data-e-type=\"widget\" data-widget_type=\"heading.default\">\n\t\t\t\t<div class=\"elementor-widget-container\">\n\t\t\t\t\t<h3 class=\"elementor-heading-title elementor-size-default\">Pol\u00edtica de Privacidade<\/h3>\t\t\t\t<\/div>\n\t\t\t\t<\/div>\n\t\t\t\t<div class=\"elementor-element elementor-element-955cf3f elementor-widget elementor-widget-text-editor\" data-id=\"955cf3f\" data-element_type=\"widget\" data-e-type=\"widget\" data-widget_type=\"text-editor.default\">\n\t\t\t\t<div class=\"elementor-widget-container\">\n\t\t\t\t\t\t\t\t\t<p>Esta declara\u00e7\u00e3o de garantia de privacidade de dados aplica-se especifica e exclusivamente aos servi\u00e7os da PLTC-SERVI\u00c7OS,LDA.<\/p><p>A PLTC-Servi\u00e7os, Lda compromete-se a proteger a sua privacidade ,os nossos sistemas inform\u00e1ticos e programas s\u00e3o protegidos por password. No site de modo a garantir o uso de uma tecnologia suficientemente eficaz para que a sua experi\u00eancia on-line seja mais segura,bem como os seus relacionamentos na Web.<\/p><p>Nunca solicitamos on-line informa\u00e7\u00f5es al\u00e9m do nome, email e um contato.<\/p><p>A PLTC-Servi\u00e7os,Lda garante que estas informa\u00e7\u00f5es N\u00c3O SER\u00c3O utilizadas em nenhuma lista com fins promocionais via correio electr\u00f3nico ou telef\u00f3nico, nem ser\u00e3o divulgados a qualquer outra organiza\u00e7\u00e3o ou empresa.<\/p><p>Posteriormente e devido \u00e0 espeficidade do nosso trabalho quando o pedimos o seu nome, morada, contacto, email entre outros, temos como objectivo manter um relacionamento mais pr\u00f3ximo com os nossos cientes e responder \u00e0s suas necessidades ou pedidos com mais efic\u00e1cia.<\/p><p>Sobre qualquer quest\u00e3o que tenha relativa a este compromisso, n\u00e3o hesite em contactar-nos.<\/p>\t\t\t\t\t\t\t\t<\/div>\n\t\t\t\t<\/div>\n\t\t\t\t\t<\/div>\n\t\t<\/div>\n\t\t\t\t\t<\/div>\n\t\t<\/section>\n\t\t\t\t<\/div>\n\t\t","protected":false},"excerpt":{"rendered":"<p>Pol\u00edtica de Privacidade Esta declara\u00e7\u00e3o de garantia de privacidade de dados aplica-se especifica e exclusivamente aos servi\u00e7os da PLTC-SERVI\u00c7OS,LDA. A PLTC-Servi\u00e7os, Lda compromete-se a proteger a sua privacidade ,os nossos sistemas inform\u00e1ticos e programas s\u00e3o protegidos por password. No site de modo a garantir o uso de uma tecnologia suficientemente eficaz para que a sua [&hellip;]<\/p>\n","protected":false},"author":1,"featured_media":0,"parent":0,"menu_order":0,"comment_status":"closed","ping_status":"closed","template":"elementor_header_footer","meta":{"footnotes":""},"class_list":["post-809","page","type-page","status-publish","hentry"],"_links":{"self":[{"href":"https:\/\/www.pltc.pt\/web\/wp-json\/wp\/v2\/pages\/809","targetHints":{"allow":["GET"]}}],"collection":[{"href":"https:\/\/www.pltc.pt\/web\/wp-json\/wp\/v2\/pages"}],"about":[{"href":"https:\/\/www.pltc.pt\/web\/wp-json\/wp\/v2\/types\/page"}],"author":[{"embeddable":true,"href":"https:\/\/www.pltc.pt\/web\/wp-json\/wp\/v2\/users\/1"}],"replies":[{"embeddable":true,"href":"https:\/\/www.pltc.pt\/web\/wp-json\/wp\/v2\/comments?post=809"}],"version-history":[{"count":3,"href":"https:\/\/www.pltc.pt\/web\/wp-json\/wp\/v2\/pages\/809\/revisions"}],"predecessor-version":[{"id":1227,"href":"https:\/\/www.pltc.pt\/web\/wp-json\/wp\/v2\/pages\/809\/revisions\/1227"}],"wp:attachment":[{"href":"https:\/\/www.pltc.pt\/web\/wp-json\/wp\/v2\/media?parent=809"}],"curies":[{"name":"wp","href":"https:\/\/api.w.org\/{rel}","templated":true}]}}